{"id":6563,"date":"2025-10-18T12:38:33","date_gmt":"2025-10-18T12:38:33","guid":{"rendered":"https:\/\/nutrend.tn\/?post_type=product&#038;p=6563"},"modified":"2026-01-12T13:13:22","modified_gmt":"2026-01-12T13:13:22","slug":"shaker","status":"publish","type":"product","link":"https:\/\/nutrend.tn\/en\/product\/shaker\/","title":{"rendered":"Shaker"},"content":{"rendered":"<p>Shaker pratique pour pr\u00e9parer votre shake pr\u00e9f\u00e9r\u00e9. Ce shaker est un outil id\u00e9al pour tous les sportifs. M\u00e9langez facilement un shake prot\u00e9in\u00e9 ou votre compl\u00e9ment alimentaire en poudre pr\u00e9f\u00e9r\u00e9, sans grumeaux, et emportez-le partout avec vous.<\/p>\n<p>Contenance\u00a0: 600\u00a0ml<br \/>\nBouchon \u00e0 vis avec joint de qualit\u00e9<br \/>\nAvec tamis pour un m\u00e9lange optimal<br \/>\nEntretien facile<br \/>\nFabrication sans BPA ni DEHP nocifs<br \/>\nFabriqu\u00e9 dans l&rsquo;UE<\/p>","protected":false},"excerpt":{"rendered":"<p>Shaker pratique pour pr\u00e9parer votre shake pr\u00e9f\u00e9r\u00e9.<\/p>","protected":false},"featured_media":6564,"comment_status":"closed","ping_status":"closed","template":"","meta":{"site-sidebar-layout":"default","site-content-layout":"","ast-site-content-layout":"default","site-content-style":"default","site-sidebar-style":"default","ast-global-header-display":"","ast-banner-title-visibility":"","ast-main-header-display":"","ast-hfb-above-header-display":"","ast-hfb-below-header-display":"","ast-hfb-mobile-header-display":"","site-post-title":"","ast-breadcrumbs-content":"","ast-featured-img":"","footer-sml-layout":"","ast-disable-related-posts":"","theme-transparent-header-meta":"default","adv-header-id-meta":"","stick-header-meta":"default","header-above-stick-meta":"","header-main-stick-meta":"","header-below-stick-meta":"","astra-migrate-meta-layouts":"set","ast-page-background-enabled":"default","ast-page-background-meta":{"desktop":{"background-color":"","background-image":"","background-repeat":"repeat","background-position":"center center","background-size":"auto","background-attachment":"scroll","background-type":"","background-media":"","overlay-type":"","overlay-color":"","overlay-opacity":"","overlay-gradient":""},"tablet":{"background-color":"","background-image":"","background-repeat":"repeat","background-position":"center center","background-size":"auto","background-attachment":"scroll","background-type":"","background-media":"","overlay-type":"","overlay-color":"","overlay-opacity":"","overlay-gradient":""},"mobile":{"background-color":"","background-image":"","background-repeat":"repeat","background-position":"center center","background-size":"auto","background-attachment":"scroll","background-type":"","background-media":"","overlay-type":"","overlay-color":"","overlay-opacity":"","overlay-gradient":""}},"ast-content-background-meta":{"desktop":{"background-color":"var(--ast-global-color-5)","background-image":"","background-repeat":"repeat","background-position":"center center","background-size":"auto","background-attachment":"scroll","background-type":"","background-media":"","overlay-type":"","overlay-color":"","overlay-opacity":"","overlay-gradient":""},"tablet":{"background-color":"var(--ast-global-color-5)","background-image":"","background-repeat":"repeat","background-position":"center center","background-size":"auto","background-attachment":"scroll","background-type":"","background-media":"","overlay-type":"","overlay-color":"","overlay-opacity":"","overlay-gradient":""},"mobile":{"background-color":"var(--ast-global-color-5)","background-image":"","background-repeat":"repeat","background-position":"center center","background-size":"auto","background-attachment":"scroll","background-type":"","background-media":"","overlay-type":"","overlay-color":"","overlay-opacity":"","overlay-gradient":""}}},"product_brand":[],"product_cat":[159],"product_tag":[161],"class_list":{"0":"post-6563","1":"product","2":"type-product","3":"status-publish","4":"has-post-thumbnail","6":"product_cat-shaker","7":"product_tag-mix-your-drink","8":"desktop-align-left","9":"tablet-align-left","10":"mobile-align-left","11":"ast-product-gallery-layout-horizontal-slider","12":"ast-product-gallery-with-no-image","13":"ast-qv-on-image","15":"first","16":"outofstock","17":"shipping-taxable","18":"purchasable","19":"product-type-simple"},"_links":{"self":[{"href":"https:\/\/nutrend.tn\/en\/wp-json\/wp\/v2\/product\/6563","targetHints":{"allow":["GET"]}}],"collection":[{"href":"https:\/\/nutrend.tn\/en\/wp-json\/wp\/v2\/product"}],"about":[{"href":"https:\/\/nutrend.tn\/en\/wp-json\/wp\/v2\/types\/product"}],"replies":[{"embeddable":true,"href":"https:\/\/nutrend.tn\/en\/wp-json\/wp\/v2\/comments?post=6563"}],"version-history":[{"count":0,"href":"https:\/\/nutrend.tn\/en\/wp-json\/wp\/v2\/product\/6563\/revisions"}],"wp:featuredmedia":[{"embeddable":true,"href":"https:\/\/nutrend.tn\/en\/wp-json\/wp\/v2\/media\/6564"}],"wp:attachment":[{"href":"https:\/\/nutrend.tn\/en\/wp-json\/wp\/v2\/media?parent=6563"}],"wp:term":[{"taxonomy":"product_brand","embeddable":true,"href":"https:\/\/nutrend.tn\/en\/wp-json\/wp\/v2\/product_brand?post=6563"},{"taxonomy":"product_cat","embeddable":true,"href":"https:\/\/nutrend.tn\/en\/wp-json\/wp\/v2\/product_cat?post=6563"},{"taxonomy":"product_tag","embeddable":true,"href":"https:\/\/nutrend.tn\/en\/wp-json\/wp\/v2\/product_tag?post=6563"}],"curies":[{"name":"wp","href":"https:\/\/api.w.org\/{rel}","templated":true}]}}