{"id":6520,"date":"2025-10-17T20:17:37","date_gmt":"2025-10-17T20:17:37","guid":{"rendered":"https:\/\/nutrend.tn\/?post_type=product&#038;p=6520"},"modified":"2025-11-25T12:37:27","modified_gmt":"2025-11-25T12:37:27","slug":"tribulus","status":"publish","type":"product","link":"https:\/\/nutrend.tn\/en\/product\/tribulus\/","title":{"rendered":"Tribulus"},"content":{"rendered":"<div class=\"content-box\">\n<div class=\"img-bg\"><img decoding=\"async\" class=\"alignleft\" src=\"https:\/\/nutrend.tn\/wp-content\/uploads\/2025\/09\/Hydrovon.png\" alt=\"KSM-66\u00ae \u2013 Extrait de racines \" \/><\/div>\n<div class=\"text-content\">\n<h2>Concentration \u00e9lev\u00e9e en saponines<\/h2>\n<p class=\"sub-tle\">Les compos\u00e9s actifs pour la vitalit\u00e9<\/p>\n<p class=\"sub-tle\">Standardis\u00e9 pour contenir un taux \u00e9lev\u00e9 de saponines, principalement la protodioscine, reconnue pour ses effets positifs sur la stimulation de la testost\u00e9rone et la vitalit\u00e9 masculine.<\/p>\n<\/div>\n<\/div>\n<div class=\"prd-container-01\">\n<div class=\"prd-text\">\n<h2>Soutien de la performance physique<\/h2>\n<p class=\"sub-tle\">Force, endurance et \u00e9nergie<\/p>\n<p class=\"sub-tle\">Tribulus aide \u00e0 am\u00e9liorer la force musculaire, l\u2019endurance et la r\u00e9cup\u00e9ration apr\u00e8s l\u2019effort, favorisant ainsi une meilleure performance sportive globale.<\/p>\n<\/div>\n<div class=\"img-bg\"><img decoding=\"async\" class=\"aligncenter\" src=\"https:\/\/nutrend.tn\/wp-content\/uploads\/2025\/11\/Concentration-elevee-en-withanolides.webp\" alt=\"Concentration \u00e9lev\u00e9e en withanolides \" \/><\/div>\n<\/div>\n<div class=\"content-box\">\n<div class=\"img-bg\"><img decoding=\"async\" class=\"alignleft\" src=\"https:\/\/nutrend.tn\/wp-content\/uploads\/2025\/09\/Whey-NATIVE.webp\" alt=\"Am\u00e9lioration du sommeil \" \/><\/div>\n<div class=\"text-content\">\n<h2>Am\u00e9lioration de la libido<\/h2>\n<p class=\"sub-tle\">Vitalit\u00e9 sexuelle naturelle<\/p>\n<p class=\"sub-tle\">Gr\u00e2ce \u00e0 son impact favorable sur les hormones, Tribulus contribue \u00e0 augmenter la libido et \u00e0 soutenir la fonction sexuelle chez l\u2019homme.<\/p>\n<\/div>\n<\/div>\n<div class=\"prd-container-01\">\n<div class=\"prd-text\">\n<h2>Qualit\u00e9 Nutrend &amp; tra\u00e7abilit\u00e9<\/h2>\n<p class=\"sub-tle\">Puret\u00e9, s\u00e9curit\u00e9 et efficacit\u00e9 garanties<\/p>\n<p class=\"sub-tle\">Fabriqu\u00e9 selon des normes strictes, chaque lot est test\u00e9 pour garantir une puret\u00e9 maximale et une efficacit\u00e9 constante, sans contaminants ni additifs inutiles.<\/p>\n<\/div>\n<div class=\"img-bg\"><img decoding=\"async\" class=\"aligncenter\" src=\"https:\/\/nutrend.tn\/wp-content\/uploads\/2025\/08\/ACTIVE-LIFESTYLE.png\" alt=\"Soutien de l\u2019\u00e9nergie et de la vitalit\u00e9 \" \/><\/div>\n<\/div>","protected":false},"excerpt":{"rendered":"<p>Plant extract for performance and relaxation<\/p>\n<p>Ashwagandha extract is a valuable ally for athletic performance thanks to its beneficial effects on muscle function, concentration, vitality, and energy levels.<\/p>","protected":false},"featured_media":6522,"comment_status":"open","ping_status":"closed","template":"","meta":{"site-sidebar-layout":"default","site-content-layout":"","ast-site-content-layout":"default","site-content-style":"default","site-sidebar-style":"default","ast-global-header-display":"","ast-banner-title-visibility":"","ast-main-header-display":"","ast-hfb-above-header-display":"","ast-hfb-below-header-display":"","ast-hfb-mobile-header-display":"","site-post-title":"","ast-breadcrumbs-content":"","ast-featured-img":"","footer-sml-layout":"","ast-disable-related-posts":"","theme-transparent-header-meta":"default","adv-header-id-meta":"","stick-header-meta":"default","header-above-stick-meta":"","header-main-stick-meta":"","header-below-stick-meta":"","astra-migrate-meta-layouts":"set","ast-page-background-enabled":"default","ast-page-background-meta":{"desktop":{"background-color":"","background-image":"","background-repeat":"repeat","background-position":"center center","background-size":"auto","background-attachment":"scroll","background-type":"","background-media":"","overlay-type":"","overlay-color":"","overlay-opacity":"","overlay-gradient":""},"tablet":{"background-color":"","background-image":"","background-repeat":"repeat","background-position":"center center","background-size":"auto","background-attachment":"scroll","background-type":"","background-media":"","overlay-type":"","overlay-color":"","overlay-opacity":"","overlay-gradient":""},"mobile":{"background-color":"","background-image":"","background-repeat":"repeat","background-position":"center center","background-size":"auto","background-attachment":"scroll","background-type":"","background-media":"","overlay-type":"","overlay-color":"","overlay-opacity":"","overlay-gradient":""}},"ast-content-background-meta":{"desktop":{"background-color":"var(--ast-global-color-5)","background-image":"","background-repeat":"repeat","background-position":"center center","background-size":"auto","background-attachment":"scroll","background-type":"","background-media":"","overlay-type":"","overlay-color":"","overlay-opacity":"","overlay-gradient":""},"tablet":{"background-color":"var(--ast-global-color-5)","background-image":"","background-repeat":"repeat","background-position":"center center","background-size":"auto","background-attachment":"scroll","background-type":"","background-media":"","overlay-type":"","overlay-color":"","overlay-opacity":"","overlay-gradient":""},"mobile":{"background-color":"var(--ast-global-color-5)","background-image":"","background-repeat":"repeat","background-position":"center center","background-size":"auto","background-attachment":"scroll","background-type":"","background-media":"","overlay-type":"","overlay-color":"","overlay-opacity":"","overlay-gradient":""}}},"product_brand":[],"product_cat":[156],"product_tag":[158,157],"class_list":{"0":"post-6520","1":"product","2":"type-product","3":"status-publish","4":"has-post-thumbnail","6":"product_cat-extract-with-90-saponins","7":"product_tag-90-saponind","8":"product_tag-pure-tribulus-terrestris","9":"desktop-align-left","10":"tablet-align-left","11":"mobile-align-left","12":"ast-product-gallery-layout-horizontal-slider","13":"ast-qv-on-image","15":"first","16":"instock","17":"featured","18":"shipping-taxable","19":"purchasable","20":"product-type-simple"},"_links":{"self":[{"href":"https:\/\/nutrend.tn\/en\/wp-json\/wp\/v2\/product\/6520","targetHints":{"allow":["GET"]}}],"collection":[{"href":"https:\/\/nutrend.tn\/en\/wp-json\/wp\/v2\/product"}],"about":[{"href":"https:\/\/nutrend.tn\/en\/wp-json\/wp\/v2\/types\/product"}],"replies":[{"embeddable":true,"href":"https:\/\/nutrend.tn\/en\/wp-json\/wp\/v2\/comments?post=6520"}],"version-history":[{"count":0,"href":"https:\/\/nutrend.tn\/en\/wp-json\/wp\/v2\/product\/6520\/revisions"}],"wp:featuredmedia":[{"embeddable":true,"href":"https:\/\/nutrend.tn\/en\/wp-json\/wp\/v2\/media\/6522"}],"wp:attachment":[{"href":"https:\/\/nutrend.tn\/en\/wp-json\/wp\/v2\/media?parent=6520"}],"wp:term":[{"taxonomy":"product_brand","embeddable":true,"href":"https:\/\/nutrend.tn\/en\/wp-json\/wp\/v2\/product_brand?post=6520"},{"taxonomy":"product_cat","embeddable":true,"href":"https:\/\/nutrend.tn\/en\/wp-json\/wp\/v2\/product_cat?post=6520"},{"taxonomy":"product_tag","embeddable":true,"href":"https:\/\/nutrend.tn\/en\/wp-json\/wp\/v2\/product_tag?post=6520"}],"curies":[{"name":"wp","href":"https:\/\/api.w.org\/{rel}","templated":true}]}}