{"id":4966,"date":"2025-08-22T07:04:38","date_gmt":"2025-08-22T07:04:38","guid":{"rendered":"https:\/\/nutrend.tn\/?post_type=product&#038;p=4966"},"modified":"2025-10-18T07:06:12","modified_gmt":"2025-10-18T07:06:12","slug":"100-whey-protein-1kg","status":"publish","type":"product","link":"https:\/\/nutrend.tn\/en\/product\/100-whey-protein-1kg\/","title":{"rendered":"100% Whey Protein 1Kg"},"content":{"rendered":"<div class=\"content-box\">\n<div class=\"img-bg\"><img decoding=\"async\" class=\"alignleft\" src=\"https:\/\/nutrend.tn\/wp-content\/uploads\/2025\/09\/The-whey-used-for-production.webp\" alt=\"100% Whey Grass Fed\" \/><\/div>\n<div class=\"text-content\">\n<h2>100% Whey Grass Fed<\/h2>\n<p class=\"sub-tle\">Natural source<\/p>\n<p class=\"sub-tle\">Une prot\u00e9ine de lactos\u00e9rum issue de vaches \u00e9lev\u00e9es en p\u00e2turage, pour une qualit\u00e9 optimale et une puret\u00e9 exceptionnelle.<\/p>\n<\/div>\n<\/div>\n<div class=\"prd-container-01\">\n<div class=\"prd-text\">\n<h2>Enzymes digestives<\/h2>\n<p class=\"sub-tle\">Confort intestinal<\/p>\n<p class=\"sub-tle\">Facilitent la digestion des prot\u00e9ines pour une meilleure assimilation et un confort digestif accru.<\/p>\n<\/div>\n<div class=\"img-bg\"><img decoding=\"async\" class=\"aligncenter\" src=\"https:\/\/nutrend.tn\/wp-content\/uploads\/2025\/09\/Enzymes-digestives.webp\" alt=\"Enzymes digestives\" \/><\/div>\n<\/div>\n<div class=\"content-box\">\n<div class=\"img-bg\"><img decoding=\"async\" class=\"alignleft\" src=\"https:\/\/nutrend.tn\/wp-content\/uploads\/2025\/08\/PRE-ENTRAINEMENT.png\" alt=\"Piment de Cayenne de la famille des piments\" \/><\/div>\n<div class=\"text-content\">\n<h2>Whey Protein Isolate (WPI) &amp; Whey Protein Concentrate (WPC)<\/h2>\n<p class=\"sub-tle\">\u00a0High-performance blend<\/p>\n<p class=\"sub-tle\">It combines fast absorption with a high nutrient content to support muscle growth and recovery.<\/p>\n<\/div>\n<\/div>\n<div class=\"prd-container-01\">\n<div class=\"prd-text\">\n<h2>No artificial coloring<\/h2>\n<p class=\"sub-tle\">\u00a0Purity guaranteed<\/p>\n<p class=\"sub-tle\">Formulated without artificial colors or additives, this product respects your health while offering a natural and authentic taste.<\/p>\n<\/div>\n<div class=\"img-bg\"><img decoding=\"async\" class=\"aligncenter\" src=\"https:\/\/nutrend.tn\/wp-content\/uploads\/2025\/09\/Whey-NATIVE.webp\" alt=\"cafeine\" \/><\/div>\n<\/div>","protected":false},"excerpt":{"rendered":"<p>Premium whey protein<\/p>\n<p>100% Whey Protein 30gr est compos\u00e9 de concentr\u00e9 de lactos\u00e9rum ultrafiltr\u00e9 (WPC) de premi\u00e8re qualit\u00e9 et d&rsquo;isolat de prot\u00e9ines de lactos\u00e9rum (WPI) de la plus pure qualit\u00e9.<\/p>","protected":false},"featured_media":6519,"comment_status":"open","ping_status":"closed","template":"","meta":{"site-sidebar-layout":"default","site-content-layout":"","ast-site-content-layout":"default","site-content-style":"default","site-sidebar-style":"default","ast-global-header-display":"","ast-banner-title-visibility":"","ast-main-header-display":"","ast-hfb-above-header-display":"","ast-hfb-below-header-display":"","ast-hfb-mobile-header-display":"","site-post-title":"","ast-breadcrumbs-content":"","ast-featured-img":"","footer-sml-layout":"","ast-disable-related-posts":"","theme-transparent-header-meta":"default","adv-header-id-meta":"","stick-header-meta":"default","header-above-stick-meta":"","header-main-stick-meta":"","header-below-stick-meta":"","astra-migrate-meta-layouts":"set","ast-page-background-enabled":"default","ast-page-background-meta":{"desktop":{"background-color":"","background-image":"","background-repeat":"repeat","background-position":"center center","background-size":"auto","background-attachment":"scroll","background-type":"","background-media":"","overlay-type":"","overlay-color":"","overlay-opacity":"","overlay-gradient":""},"tablet":{"background-color":"","background-image":"","background-repeat":"repeat","background-position":"center center","background-size":"auto","background-attachment":"scroll","background-type":"","background-media":"","overlay-type":"","overlay-color":"","overlay-opacity":"","overlay-gradient":""},"mobile":{"background-color":"","background-image":"","background-repeat":"repeat","background-position":"center center","background-size":"auto","background-attachment":"scroll","background-type":"","background-media":"","overlay-type":"","overlay-color":"","overlay-opacity":"","overlay-gradient":""}},"ast-content-background-meta":{"desktop":{"background-color":"var(--ast-global-color-5)","background-image":"","background-repeat":"repeat","background-position":"center center","background-size":"auto","background-attachment":"scroll","background-type":"","background-media":"","overlay-type":"","overlay-color":"","overlay-opacity":"","overlay-gradient":""},"tablet":{"background-color":"var(--ast-global-color-5)","background-image":"","background-repeat":"repeat","background-position":"center center","background-size":"auto","background-attachment":"scroll","background-type":"","background-media":"","overlay-type":"","overlay-color":"","overlay-opacity":"","overlay-gradient":""},"mobile":{"background-color":"var(--ast-global-color-5)","background-image":"","background-repeat":"repeat","background-position":"center center","background-size":"auto","background-attachment":"scroll","background-type":"","background-media":"","overlay-type":"","overlay-color":"","overlay-opacity":"","overlay-gradient":""}}},"product_brand":[],"product_cat":[80],"product_tag":[100,103,105,104,102],"class_list":{"0":"post-4966","1":"product","2":"type-product","3":"status-publish","4":"has-post-thumbnail","6":"product_cat-premium-whey-protein","7":"product_tag-digezyme","8":"product_tag-grass-fed","9":"product_tag-sans-colorants","10":"product_tag-sans-conservateurs","11":"product_tag-sans-gluten","12":"desktop-align-left","13":"tablet-align-left","14":"mobile-align-left","15":"ast-product-gallery-layout-horizontal-slider","16":"ast-qv-on-image","18":"first","19":"instock","20":"featured","21":"shipping-taxable","22":"purchasable","23":"product-type-simple"},"_links":{"self":[{"href":"https:\/\/nutrend.tn\/en\/wp-json\/wp\/v2\/product\/4966","targetHints":{"allow":["GET"]}}],"collection":[{"href":"https:\/\/nutrend.tn\/en\/wp-json\/wp\/v2\/product"}],"about":[{"href":"https:\/\/nutrend.tn\/en\/wp-json\/wp\/v2\/types\/product"}],"replies":[{"embeddable":true,"href":"https:\/\/nutrend.tn\/en\/wp-json\/wp\/v2\/comments?post=4966"}],"version-history":[{"count":0,"href":"https:\/\/nutrend.tn\/en\/wp-json\/wp\/v2\/product\/4966\/revisions"}],"wp:featuredmedia":[{"embeddable":true,"href":"https:\/\/nutrend.tn\/en\/wp-json\/wp\/v2\/media\/6519"}],"wp:attachment":[{"href":"https:\/\/nutrend.tn\/en\/wp-json\/wp\/v2\/media?parent=4966"}],"wp:term":[{"taxonomy":"product_brand","embeddable":true,"href":"https:\/\/nutrend.tn\/en\/wp-json\/wp\/v2\/product_brand?post=4966"},{"taxonomy":"product_cat","embeddable":true,"href":"https:\/\/nutrend.tn\/en\/wp-json\/wp\/v2\/product_cat?post=4966"},{"taxonomy":"product_tag","embeddable":true,"href":"https:\/\/nutrend.tn\/en\/wp-json\/wp\/v2\/product_tag?post=4966"}],"curies":[{"name":"wp","href":"https:\/\/api.w.org\/{rel}","templated":true}]}}