{"id":4956,"date":"2025-08-22T06:27:44","date_gmt":"2025-08-22T06:27:44","guid":{"rendered":"https:\/\/nutrend.tn\/?post_type=product&#038;p=4956"},"modified":"2025-11-25T12:37:01","modified_gmt":"2025-11-25T12:37:01","slug":"carnitine-3000-shot","status":"publish","type":"product","link":"https:\/\/nutrend.tn\/en\/product\/carnitine-3000-shot\/","title":{"rendered":"Carnitine 3000 Shot"},"content":{"rendered":"<div class=\"content-box\">\n<div class=\"img-bg\"><img decoding=\"async\" class=\"alignleft\" src=\"https:\/\/nutrend.tn\/wp-content\/uploads\/2025\/09\/L-Carnitine-3000-mg.webp\" alt=\"L-Carnitine (3000 mg)\" \/><\/div>\n<div class=\"text-content\">\n<h2>L-Carnitine (3000 mg)<\/h2>\n<p class=\"sub-tle\">Transporteur des graisses vers l&rsquo;\u00e9nergie<\/p>\n<p class=\"sub-tle\">La L-carnitine est un acide amin\u00e9 essentiel qui facilite le transfert des acides gras vers les mitochondries, o\u00f9 ils sont convertis en \u00e9nergie. Cette action soutient la combustion des graisses et am\u00e9liore l&rsquo;endurance physiqueTaurine \u2013 1000 mg.\u00c9nergie cellulaire &amp; soutien musculaire<br \/>\nLa taurine am\u00e9liore l\u2019hydratation des cellules, soutient la fonction musculaire et aide \u00e0 maintenir la performance pendant l\u2019effort. Elle agit en synergie avec la caf\u00e9ine pour une stimulation contr\u00f4l\u00e9e.<\/p>\n<\/div>\n<\/div>\n<div class=\"prd-container-01\">\n<div class=\"prd-text\">\n<h2>Caf\u00e9ine \u2013 127 mg + extrait de th\u00e9 vert<\/h2>\n<p class=\"sub-tle\">Stimulation naturelle &amp; m\u00e9tabolisme activ\u00e9<\/p>\n<p class=\"sub-tle\">Un duo de caf\u00e9ine rapide et v\u00e9g\u00e9tale qui augmente l\u2019\u00e9nergie, la vigilance et le d\u00e9stockage des graisses. L\u2019extrait de th\u00e9 vert apporte des polyph\u00e9nols aux effets antioxydants et thermog\u00e9niques.<\/p>\n<\/div>\n<div class=\"img-bg\"><img decoding=\"async\" class=\"aligncenter\" src=\"https:\/\/nutrend.tn\/wp-content\/uploads\/2025\/09\/Cafeine.webp\" alt=\"cafeine\" \/><\/div>\n<\/div>\n<div class=\"content-box\">\n<div class=\"img-bg\"><img decoding=\"async\" class=\"alignleft\" src=\"https:\/\/nutrend.tn\/wp-content\/uploads\/2025\/09\/11-vitamines-essentielles.webp\" alt=\"Caf\u00e9ine \u2013 127 mg + extrait de th\u00e9 vert \" \/><\/div>\n<div class=\"text-content\">\n<h2>Complexe de vitamines B1, B3, B5, B6<\/h2>\n<p class=\"sub-tle\">Stable energy, sustainable progress<\/p>\n<p class=\"sub-tle\">Chromium, a premium trace element, supports optimal energy metabolism and helps regulate blood sugar levels. This helps prevent energy dips and cravings, allowing you to stay focused on your muscle-building goals without compromise.<\/p>\n<\/div>\n<\/div>\n<div class=\"prd-container-01\">\n<div class=\"prd-text\">\n<h2>Complexe de vitamines B1, B3, B5, B6<\/h2>\n<p class=\"sub-tle\">\u00c9nergie m\u00e9tabolique &amp; r\u00e9duction de la fatigue<\/p>\n<p class=\"sub-tle\">Ces vitamines du groupe B soutiennent la production d\u2019\u00e9nergie, la fonction nerveuse et aident \u00e0 r\u00e9duire la fatigue. Indispensables lors d\u2019un programme actif ou hypocalorique.<\/p>\n<\/div>\n<div class=\"img-bg\"><img decoding=\"async\" class=\"aligncenter\" src=\"https:\/\/nutrend.tn\/wp-content\/uploads\/2025\/09\/Whey-NATIVE.webp\" alt=\"cafeine\" \/><\/div>\n<\/div>\n<div class=\"content-box\">\n<div class=\"img-bg\"><img decoding=\"async\" class=\"alignleft\" src=\"https:\/\/nutrend.tn\/wp-content\/uploads\/2025\/09\/Chrome.webp\" alt=\"Piment de Cayenne de la famille des piments\" \/><\/div>\n<div class=\"text-content\">\n<h2>Chrome<\/h2>\n<p class=\"sub-tle\">\u00c9quilibre du sucre &amp; contr\u00f4le du poids<\/p>\n<p class=\"sub-tle\">Le chrome contribue \u00e0 maintenir une glyc\u00e9mie stable et \u00e0 r\u00e9guler l\u2019app\u00e9tit, en soutenant le m\u00e9tabolisme des glucides et des lipides.<\/p>\n<\/div>\n<\/div>","protected":false},"excerpt":{"rendered":"<p>Dietary support<\/p>","protected":false},"featured_media":6123,"comment_status":"open","ping_status":"closed","template":"","meta":{"site-sidebar-layout":"default","site-content-layout":"","ast-site-content-layout":"default","site-content-style":"default","site-sidebar-style":"default","ast-global-header-display":"","ast-banner-title-visibility":"","ast-main-header-display":"","ast-hfb-above-header-display":"","ast-hfb-below-header-display":"","ast-hfb-mobile-header-display":"","site-post-title":"","ast-breadcrumbs-content":"","ast-featured-img":"","footer-sml-layout":"","ast-disable-related-posts":"","theme-transparent-header-meta":"default","adv-header-id-meta":"","stick-header-meta":"default","header-above-stick-meta":"","header-main-stick-meta":"","header-below-stick-meta":"","astra-migrate-meta-layouts":"set","ast-page-background-enabled":"default","ast-page-background-meta":{"desktop":{"background-color":"","background-image":"","background-repeat":"repeat","background-position":"center center","background-size":"auto","background-attachment":"scroll","background-type":"","background-media":"","overlay-type":"","overlay-color":"","overlay-opacity":"","overlay-gradient":""},"tablet":{"background-color":"","background-image":"","background-repeat":"repeat","background-position":"center center","background-size":"auto","background-attachment":"scroll","background-type":"","background-media":"","overlay-type":"","overlay-color":"","overlay-opacity":"","overlay-gradient":""},"mobile":{"background-color":"","background-image":"","background-repeat":"repeat","background-position":"center center","background-size":"auto","background-attachment":"scroll","background-type":"","background-media":"","overlay-type":"","overlay-color":"","overlay-opacity":"","overlay-gradient":""}},"ast-content-background-meta":{"desktop":{"background-color":"var(--ast-global-color-5)","background-image":"","background-repeat":"repeat","background-position":"center center","background-size":"auto","background-attachment":"scroll","background-type":"","background-media":"","overlay-type":"","overlay-color":"","overlay-opacity":"","overlay-gradient":""},"tablet":{"background-color":"var(--ast-global-color-5)","background-image":"","background-repeat":"repeat","background-position":"center center","background-size":"auto","background-attachment":"scroll","background-type":"","background-media":"","overlay-type":"","overlay-color":"","overlay-opacity":"","overlay-gradient":""},"mobile":{"background-color":"var(--ast-global-color-5)","background-image":"","background-repeat":"repeat","background-position":"center center","background-size":"auto","background-attachment":"scroll","background-type":"","background-media":"","overlay-type":"","overlay-color":"","overlay-opacity":"","overlay-gradient":""}}},"product_brand":[],"product_cat":[79],"product_tag":[139,151,142,152],"class_list":{"0":"post-4956","1":"product","2":"type-product","3":"status-publish","4":"has-post-thumbnail","6":"product_cat-carnitine-3000-shot","7":"product_tag-cafeine","8":"product_tag-carnipure","9":"product_tag-taurine","10":"product_tag-vitamine-b1-b3-b5","11":"desktop-align-left","12":"tablet-align-left","13":"mobile-align-left","14":"ast-product-gallery-layout-horizontal-slider","15":"ast-qv-on-image","17":"first","18":"instock","19":"featured","20":"shipping-taxable","21":"purchasable","22":"product-type-simple"},"_links":{"self":[{"href":"https:\/\/nutrend.tn\/en\/wp-json\/wp\/v2\/product\/4956","targetHints":{"allow":["GET"]}}],"collection":[{"href":"https:\/\/nutrend.tn\/en\/wp-json\/wp\/v2\/product"}],"about":[{"href":"https:\/\/nutrend.tn\/en\/wp-json\/wp\/v2\/types\/product"}],"replies":[{"embeddable":true,"href":"https:\/\/nutrend.tn\/en\/wp-json\/wp\/v2\/comments?post=4956"}],"version-history":[{"count":0,"href":"https:\/\/nutrend.tn\/en\/wp-json\/wp\/v2\/product\/4956\/revisions"}],"wp:featuredmedia":[{"embeddable":true,"href":"https:\/\/nutrend.tn\/en\/wp-json\/wp\/v2\/media\/6123"}],"wp:attachment":[{"href":"https:\/\/nutrend.tn\/en\/wp-json\/wp\/v2\/media?parent=4956"}],"wp:term":[{"taxonomy":"product_brand","embeddable":true,"href":"https:\/\/nutrend.tn\/en\/wp-json\/wp\/v2\/product_brand?post=4956"},{"taxonomy":"product_cat","embeddable":true,"href":"https:\/\/nutrend.tn\/en\/wp-json\/wp\/v2\/product_cat?post=4956"},{"taxonomy":"product_tag","embeddable":true,"href":"https:\/\/nutrend.tn\/en\/wp-json\/wp\/v2\/product_tag?post=4956"}],"curies":[{"name":"wp","href":"https:\/\/api.w.org\/{rel}","templated":true}]}}