{"id":4890,"date":"2025-08-21T08:06:47","date_gmt":"2025-08-21T08:06:47","guid":{"rendered":"https:\/\/nutrend.tn\/?post_type=product&#038;p=4890"},"modified":"2025-10-17T08:08:32","modified_gmt":"2025-10-17T08:08:32","slug":"n1","status":"publish","type":"product","link":"https:\/\/nutrend.tn\/en\/product\/n1\/","title":{"rendered":"N1"},"content":{"rendered":"<div class=\"content-box\">\n<div class=\"img-bg\"><img decoding=\"async\" class=\"alignleft\" src=\"https:\/\/nutrend.tn\/wp-content\/uploads\/2025\/09\/Beta-Alanine.webp\" alt=\"B\u00eata-Alanine\" \/><\/div>\n<div class=\"text-content\">\n<h2>Beta-Alanine<\/h2>\n<p class=\"sub-tle\">Extended endurance and controlled power.<\/p>\n<p class=\"sub-tle\">Increases carnosine concentration in muscles, delaying acidification and delaying the onset of fatigue. The result: more repetitions, for longer, with maintained intensity. Mild tingling is a signal of immediate effectiveness.<\/p>\n<\/div>\n<\/div>\n<div class=\"prd-container-01\">\n<div class=\"prd-text\">\n<h2>AAKG (Arginine Alpha-Ketoglutarate)<\/h2>\n<p class=\"sub-tle\">Intense vasodilation &amp; muscle congestion<\/p>\n<p class=\"sub-tle\">A major precursor of nitric oxide (NO), AAKG stimulates blood circulation for a massive pump effect, better muscle oxygenation and increased performance during exercise.<\/p>\n<\/div>\n<div class=\"img-bg\"><img decoding=\"async\" class=\"aligncenter\" src=\"https:\/\/nutrend.tn\/wp-content\/uploads\/2025\/09\/L-Citrulline.webp\" alt=\"AAKG (Arginine Alpha-Ketoglutarate) \" \/><\/div>\n<\/div>\n<div class=\"content-box\">\n<div class=\"img-bg\"><img decoding=\"async\" class=\"alignleft\" src=\"https:\/\/nutrend.tn\/wp-content\/uploads\/2025\/08\/FITNESS.png\" alt=\"Cr\u00e9atine monohydrate\" \/><\/div>\n<div class=\"text-content\">\n<h2>Cr\u00e9atine monohydrate<\/h2>\n<p class=\"sub-tle\">Pure strength and accelerated recovery<\/p>\n<p class=\"sub-tle\">Am\u00e9liore la puissance musculaire, la r\u00e9cup\u00e9ration entre les efforts et favorise le gain de masse maigre. C\u2019est l\u2019un des compl\u00e9ments les plus valid\u00e9s scientifiquement pour les sports de force, d\u2019explosivit\u00e9 et d\u2019endurance courte.<\/p>\n<\/div>\n<\/div>\n<div class=\"prd-container-01\">\n<div class=\"prd-text\">\n<h2>Ginseng<\/h2>\n<p class=\"sub-tle\">A premium raw material for building pure muscle.<\/p>\n<p class=\"sub-tle\">Extracted directly from milk using a gentle process, Native Whey is an ultra-pure, natural protein, rich in BCAAs. It effectively supports protein synthesis, promotes muscle recovery, and optimizes lean muscle growth. The choice of demanding athletes seeking visible results.<\/p>\n<\/div>\n<div class=\"img-bg\"><img decoding=\"async\" class=\"aligncenter\" src=\"https:\/\/nutrend.tn\/wp-content\/uploads\/2025\/09\/Ginseng.jpg\" alt=\"Ginseng\" \/><\/div>\n<\/div>","protected":false},"excerpt":{"rendered":"<p>World bestseller among pre-workouts<\/p>\n<p>Contains a specially formulated blend of highly stimulating active substances, primarily focused on physical performance.<\/p>","protected":false},"featured_media":6085,"comment_status":"open","ping_status":"closed","template":"","meta":{"site-sidebar-layout":"default","site-content-layout":"","ast-site-content-layout":"default","site-content-style":"default","site-sidebar-style":"default","ast-global-header-display":"","ast-banner-title-visibility":"","ast-main-header-display":"","ast-hfb-above-header-display":"","ast-hfb-below-header-display":"","ast-hfb-mobile-header-display":"","site-post-title":"","ast-breadcrumbs-content":"","ast-featured-img":"","footer-sml-layout":"","ast-disable-related-posts":"","theme-transparent-header-meta":"default","adv-header-id-meta":"","stick-header-meta":"default","header-above-stick-meta":"","header-main-stick-meta":"","header-below-stick-meta":"","astra-migrate-meta-layouts":"set","ast-page-background-enabled":"default","ast-page-background-meta":{"desktop":{"background-color":"","background-image":"","background-repeat":"repeat","background-position":"center center","background-size":"auto","background-attachment":"scroll","background-type":"","background-media":"","overlay-type":"","overlay-color":"","overlay-opacity":"","overlay-gradient":""},"tablet":{"background-color":"","background-image":"","background-repeat":"repeat","background-position":"center center","background-size":"auto","background-attachment":"scroll","background-type":"","background-media":"","overlay-type":"","overlay-color":"","overlay-opacity":"","overlay-gradient":""},"mobile":{"background-color":"","background-image":"","background-repeat":"repeat","background-position":"center center","background-size":"auto","background-attachment":"scroll","background-type":"","background-media":"","overlay-type":"","overlay-color":"","overlay-opacity":"","overlay-gradient":""}},"ast-content-background-meta":{"desktop":{"background-color":"var(--ast-global-color-5)","background-image":"","background-repeat":"repeat","background-position":"center center","background-size":"auto","background-attachment":"scroll","background-type":"","background-media":"","overlay-type":"","overlay-color":"","overlay-opacity":"","overlay-gradient":""},"tablet":{"background-color":"var(--ast-global-color-5)","background-image":"","background-repeat":"repeat","background-position":"center center","background-size":"auto","background-attachment":"scroll","background-type":"","background-media":"","overlay-type":"","overlay-color":"","overlay-opacity":"","overlay-gradient":""},"mobile":{"background-color":"var(--ast-global-color-5)","background-image":"","background-repeat":"repeat","background-position":"center center","background-size":"auto","background-attachment":"scroll","background-type":"","background-media":"","overlay-type":"","overlay-color":"","overlay-opacity":"","overlay-gradient":""}}},"product_brand":[],"product_cat":[95],"product_tag":[137,136,139,138,140],"class_list":{"0":"post-4890","1":"product","2":"type-product","3":"status-publish","4":"has-post-thumbnail","6":"product_cat-world-bestseller-pre-workouts","7":"product_tag-aakg","8":"product_tag-beta-alanine","9":"product_tag-cafeine","10":"product_tag-creatine","11":"product_tag-ginseng","12":"desktop-align-left","13":"tablet-align-left","14":"mobile-align-left","15":"ast-product-gallery-layout-horizontal-slider","16":"ast-qv-on-image","18":"first","19":"instock","20":"featured","21":"shipping-taxable","22":"purchasable","23":"product-type-simple"},"_links":{"self":[{"href":"https:\/\/nutrend.tn\/en\/wp-json\/wp\/v2\/product\/4890","targetHints":{"allow":["GET"]}}],"collection":[{"href":"https:\/\/nutrend.tn\/en\/wp-json\/wp\/v2\/product"}],"about":[{"href":"https:\/\/nutrend.tn\/en\/wp-json\/wp\/v2\/types\/product"}],"replies":[{"embeddable":true,"href":"https:\/\/nutrend.tn\/en\/wp-json\/wp\/v2\/comments?post=4890"}],"version-history":[{"count":0,"href":"https:\/\/nutrend.tn\/en\/wp-json\/wp\/v2\/product\/4890\/revisions"}],"wp:featuredmedia":[{"embeddable":true,"href":"https:\/\/nutrend.tn\/en\/wp-json\/wp\/v2\/media\/6085"}],"wp:attachment":[{"href":"https:\/\/nutrend.tn\/en\/wp-json\/wp\/v2\/media?parent=4890"}],"wp:term":[{"taxonomy":"product_brand","embeddable":true,"href":"https:\/\/nutrend.tn\/en\/wp-json\/wp\/v2\/product_brand?post=4890"},{"taxonomy":"product_cat","embeddable":true,"href":"https:\/\/nutrend.tn\/en\/wp-json\/wp\/v2\/product_cat?post=4890"},{"taxonomy":"product_tag","embeddable":true,"href":"https:\/\/nutrend.tn\/en\/wp-json\/wp\/v2\/product_tag?post=4890"}],"curies":[{"name":"wp","href":"https:\/\/api.w.org\/{rel}","templated":true}]}}