{"id":4806,"date":"2025-08-19T13:32:19","date_gmt":"2025-08-19T13:32:19","guid":{"rendered":"https:\/\/nutrend.tn\/?post_type=product&#038;p=4806"},"modified":"2026-01-13T08:14:29","modified_gmt":"2026-01-13T08:14:29","slug":"creatine-monohydrate-creapure","status":"publish","type":"product","link":"https:\/\/nutrend.tn\/en\/product\/creatine-monohydrate-creapure\/","title":{"rendered":"Creatine Monohydrate Creapure\u00ae"},"content":{"rendered":"<div class=\"content-box\">\n<div class=\"img-bg\"><img fetchpriority=\"high\" decoding=\"async\" class=\"alignleft\" src=\"https:\/\/nutrend.tn\/wp-content\/uploads\/2026\/01\/logo-300x42.png\" alt=\"Creapure\u00ae \u2013 Origine Allemagne \" width=\"424\" height=\"417\" \/><\/div>\n<div class=\"text-content\">\n<h4>Creapure\u00ae \u2013 Made in Germany<\/h4>\n<p class=\"sub-tle\"><em><strong>The world's leading brand of pure creatine<\/strong><\/em><\/p>\n<p class=\"sub-tle\">Fabriqu\u00e9e par AlzChem \u2013 Allemagne, Creapure\u00ae est la forme de cr\u00e9atine la plus pure et la plus s\u00fbre du march\u00e9. Chaque lot est test\u00e9 pour garantir une qualit\u00e9 pharmaceutique premium.<\/p>\n<\/div>\n<\/div>\n<div class=\"prd-container-01\">\n<div class=\"prd-text\">\n<h4>Format \u00e9conomique\u2013500 g<\/h4>\n<p class=\"sub-tle\"><em><strong>100 days of uncompromising performance<\/strong><\/em><\/p>\n<p class=\"sub-tle\">Each 5g serving provides you with the daily nutrients you need for strength, recovery, and endurance. With 500g in each container, you get a long-lasting and economical supply to support your goals over the long term.<\/p>\n<\/div>\n<div class=\"img-bg\"><img decoding=\"async\" class=\"aligncenter\" src=\"https:\/\/nutrend.tn\/wp-content\/uploads\/2026\/01\/WhatsApp-Image-2026-01-03-at-08.58.31-225x300.jpeg\" alt=\"500 g \u2013 Format \u00e9conomique \" \/><\/div>\n<\/div>\n<div class=\"content-box\">\n<div class=\"img-bg\"><img decoding=\"async\" class=\"alignleft\" src=\"https:\/\/nutrend.tn\/wp-content\/uploads\/2025\/08\/PRE-ENTRAINEMENT.png\" alt=\"Piment de Cayenne de la famille des piments\" \/><\/div>\n<div class=\"text-content\">\n<h4>Puissance &amp; Performance musculaire<\/h4>\n<p class=\"sub-tle\"><em><strong>Explosive power, high volume, and proven effectiveness<\/strong><\/em><\/p>\n<p class=\"sub-tle\">La cr\u00e9atine monohydrate Creapure\u00ae augmente les performances lors des efforts courts et intenses, favorise la prise de masse musculaire s\u00e8che et am\u00e9liore la r\u00e9cup\u00e9ration. Son efficacit\u00e9 est valid\u00e9e par plus de 300 \u00e9tudes cliniques.<\/p>\n<\/div>\n<\/div>\n<div class=\"prd-container-01\">\n<div class=\"prd-text\">\n<h4>Certified purity<\/h4>\n<p class=\"sub-tle\"><em><strong>No compromise on quality<\/strong><\/em><\/p>\n<p class=\"sub-tle\">Unlike cheap creatine products, Creapure\u00ae is 100% traceable, free from chemical residues, GMOs, allergens, and additives. It is the preferred choice of demanding athletes who prioritize reliability and safety.<\/p>\n<\/div>\n<div class=\"img-bg\"><img decoding=\"async\" class=\"aligncenter\" src=\"https:\/\/nutrend.tn\/wp-content\/uploads\/2025\/09\/Creapure\u00ae-\u2013-Origine-Allemagne.webp\" alt=\"Puret\u00e9 certifi\u00e9e \" \/><\/div>\n<\/div>","protected":false},"excerpt":{"rendered":"<p>Cr\u00e9atine monohydrate Creapure\u00ae est une forme extr\u00eamement pure, garantie par la marque Creapure\u00ae. Un compl\u00e9ment de r\u00e9f\u00e9rence reconnu pour sa cr\u00e9dibilit\u00e9, qui vous apporte confiance et performance \u00e0 chaque entrainement pour atteindre vos objectifs en toute s\u00e9r\u00e9nit\u00e9 .<\/p>","protected":false},"featured_media":6045,"comment_status":"open","ping_status":"closed","template":"","meta":{"site-sidebar-layout":"default","site-content-layout":"","ast-site-content-layout":"default","site-content-style":"default","site-sidebar-style":"default","ast-global-header-display":"","ast-banner-title-visibility":"","ast-main-header-display":"","ast-hfb-above-header-display":"","ast-hfb-below-header-display":"","ast-hfb-mobile-header-display":"","site-post-title":"","ast-breadcrumbs-content":"","ast-featured-img":"","footer-sml-layout":"","ast-disable-related-posts":"","theme-transparent-header-meta":"default","adv-header-id-meta":"","stick-header-meta":"default","header-above-stick-meta":"","header-main-stick-meta":"","header-below-stick-meta":"","astra-migrate-meta-layouts":"set","ast-page-background-enabled":"default","ast-page-background-meta":{"desktop":{"background-color":"","background-image":"","background-repeat":"repeat","background-position":"center center","background-size":"auto","background-attachment":"scroll","background-type":"","background-media":"","overlay-type":"","overlay-color":"","overlay-opacity":"","overlay-gradient":""},"tablet":{"background-color":"","background-image":"","background-repeat":"repeat","background-position":"center center","background-size":"auto","background-attachment":"scroll","background-type":"","background-media":"","overlay-type":"","overlay-color":"","overlay-opacity":"","overlay-gradient":""},"mobile":{"background-color":"","background-image":"","background-repeat":"repeat","background-position":"center center","background-size":"auto","background-attachment":"scroll","background-type":"","background-media":"","overlay-type":"","overlay-color":"","overlay-opacity":"","overlay-gradient":""}},"ast-content-background-meta":{"desktop":{"background-color":"var(--ast-global-color-5)","background-image":"","background-repeat":"repeat","background-position":"center center","background-size":"auto","background-attachment":"scroll","background-type":"","background-media":"","overlay-type":"","overlay-color":"","overlay-opacity":"","overlay-gradient":""},"tablet":{"background-color":"var(--ast-global-color-5)","background-image":"","background-repeat":"repeat","background-position":"center center","background-size":"auto","background-attachment":"scroll","background-type":"","background-media":"","overlay-type":"","overlay-color":"","overlay-opacity":"","overlay-gradient":""},"mobile":{"background-color":"var(--ast-global-color-5)","background-image":"","background-repeat":"repeat","background-position":"center center","background-size":"auto","background-attachment":"scroll","background-type":"","background-media":"","overlay-type":"","overlay-color":"","overlay-opacity":"","overlay-gradient":""}}},"product_brand":[],"product_cat":[90],"product_tag":[126],"class_list":{"0":"post-4806","1":"product","2":"type-product","3":"status-publish","4":"has-post-thumbnail","6":"product_cat-strength-and-muscle-power","7":"product_tag-creapure","8":"desktop-align-left","9":"tablet-align-left","10":"mobile-align-left","11":"ast-product-gallery-layout-horizontal-slider","12":"ast-qv-on-image","14":"first","15":"instock","16":"featured","17":"shipping-taxable","18":"purchasable","19":"product-type-simple"},"_links":{"self":[{"href":"https:\/\/nutrend.tn\/en\/wp-json\/wp\/v2\/product\/4806","targetHints":{"allow":["GET"]}}],"collection":[{"href":"https:\/\/nutrend.tn\/en\/wp-json\/wp\/v2\/product"}],"about":[{"href":"https:\/\/nutrend.tn\/en\/wp-json\/wp\/v2\/types\/product"}],"replies":[{"embeddable":true,"href":"https:\/\/nutrend.tn\/en\/wp-json\/wp\/v2\/comments?post=4806"}],"version-history":[{"count":0,"href":"https:\/\/nutrend.tn\/en\/wp-json\/wp\/v2\/product\/4806\/revisions"}],"wp:featuredmedia":[{"embeddable":true,"href":"https:\/\/nutrend.tn\/en\/wp-json\/wp\/v2\/media\/6045"}],"wp:attachment":[{"href":"https:\/\/nutrend.tn\/en\/wp-json\/wp\/v2\/media?parent=4806"}],"wp:term":[{"taxonomy":"product_brand","embeddable":true,"href":"https:\/\/nutrend.tn\/en\/wp-json\/wp\/v2\/product_brand?post=4806"},{"taxonomy":"product_cat","embeddable":true,"href":"https:\/\/nutrend.tn\/en\/wp-json\/wp\/v2\/product_cat?post=4806"},{"taxonomy":"product_tag","embeddable":true,"href":"https:\/\/nutrend.tn\/en\/wp-json\/wp\/v2\/product_tag?post=4806"}],"curies":[{"name":"wp","href":"https:\/\/api.w.org\/{rel}","templated":true}]}}