{"id":4781,"date":"2025-08-18T16:00:05","date_gmt":"2025-08-18T16:00:05","guid":{"rendered":"https:\/\/nutrend.tn\/?post_type=product&#038;p=4781"},"modified":"2025-10-13T22:35:57","modified_gmt":"2025-10-13T22:35:57","slug":"glutamine","status":"publish","type":"product","link":"https:\/\/nutrend.tn\/en\/product\/glutamine\/","title":{"rendered":"Glutamine"},"content":{"rendered":"<div class=\"content-box\">\n<div class=\"img-bg\"><img decoding=\"async\" class=\"alignleft\" src=\"https:\/\/nutrend.tn\/wp-content\/uploads\/2025\/09\/Hydrovon.png\" alt=\"Piment de Cayenne de la famille des piments\" \/><\/div>\n<div class=\"text-content\">\n<h2>Pure &amp; bioavailable form<\/h2>\n<p class=\"sub-tle\">Pharmaceutical quality<\/p>\n<p class=\"sub-tle\">Offered in high quality micronized form for rapid assimilation and maximum effectiveness.<\/p>\n<\/div>\n<\/div>\n<div class=\"prd-container-01\">\n<div class=\"prd-text\">\n<h2>Strengthens the immune system<\/h2>\n<p class=\"sub-tle\">D\u00e9fense naturelle<\/p>\n<p class=\"sub-tle\">Contribue au bon fonctionnement du syst\u00e8me immunitaire, souvent affaibli apr\u00e8s des entra\u00eenements intenses.<br \/>\nSoutien de la muqueuse intestinale<br \/>\nSant\u00e9 digestive renforc\u00e9e<br \/>\nPeut contribuer \u00e0 prot\u00e9ger et r\u00e9g\u00e9n\u00e9rer la muqueuse intestinale, notamment en cas d&rsquo;efforts prolong\u00e9s ou de stress physique intense, favorisant ainsi une meilleure sant\u00e9 intestinale \u00e0 long terme.<\/p>\n<\/div>\n<div class=\"img-bg\"><img decoding=\"async\" class=\"aligncenter\" src=\"https:\/\/nutrend.tn\/wp-content\/uploads\/2025\/09\/Tolerase.webp\" alt=\"cafeine\" \/><\/div>\n<\/div>\n<div class=\"content-box\">\n<div class=\"img-bg\"><img decoding=\"async\" class=\"alignleft\" src=\"https:\/\/nutrend.tn\/wp-content\/uploads\/2025\/08\/PRE-ENTRAINEMENT.png\" alt=\"Piment de Cayenne de la famille des piments\" \/><\/div>\n<div class=\"text-content\">\n<h2>Favorise la r\u00e9cup\u00e9ration<\/h2>\n<p class=\"sub-tle\">Moins de courbatures, plus de performance<\/p>\n<p class=\"sub-tle\">Acc\u00e9l\u00e8re la r\u00e9paration des fibres musculaires, r\u00e9duit la fatigue et aide \u00e0 maintenir un bon \u00e9quilibre azot\u00e9.<\/p>\n<\/div>\n<\/div>\n<div class=\"prd-container-01\">\n<div class=\"prd-text\">\n<h2>Gluten-free and sugar-free<\/h2>\n<p class=\"sub-tle\">\u00a0Tol\u00e9rance et puret\u00e9<\/p>\n<p class=\"sub-tle\">Convient aux r\u00e9gimes sp\u00e9cifiques, sans sucre ajout\u00e9 ni gluten, pour une meilleure digestibilit\u00e9 et une consommation plus saine.<\/p>\n<\/div>\n<div class=\"img-bg\"><img decoding=\"async\" class=\"aligncenter\" src=\"https:\/\/nutrend.tn\/wp-content\/uploads\/2025\/08\/For-muscle-regeneration-1.webp\" alt=\"Sans gluten &amp; sans sucre \" \/><\/div>\n<\/div>","protected":false},"excerpt":{"rendered":"<p>Pure L-glutamine in instant form. L-glutamine is one of the most common amino acids found in skeletal muscle. A high-quality protein intake with an optimal amino acid spectrum contributes to muscle growth, especially after intense physical activity.<\/p>","protected":false},"featured_media":6024,"comment_status":"open","ping_status":"closed","template":"","meta":{"site-sidebar-layout":"default","site-content-layout":"","ast-site-content-layout":"default","site-content-style":"default","site-sidebar-style":"default","ast-global-header-display":"","ast-banner-title-visibility":"","ast-main-header-display":"","ast-hfb-above-header-display":"","ast-hfb-below-header-display":"","ast-hfb-mobile-header-display":"","site-post-title":"","ast-breadcrumbs-content":"","ast-featured-img":"","footer-sml-layout":"","ast-disable-related-posts":"","theme-transparent-header-meta":"default","adv-header-id-meta":"","stick-header-meta":"default","header-above-stick-meta":"","header-main-stick-meta":"","header-below-stick-meta":"","astra-migrate-meta-layouts":"set","ast-page-background-enabled":"default","ast-page-background-meta":{"desktop":{"background-color":"","background-image":"","background-repeat":"repeat","background-position":"center center","background-size":"auto","background-attachment":"scroll","background-type":"","background-media":"","overlay-type":"","overlay-color":"","overlay-opacity":"","overlay-gradient":""},"tablet":{"background-color":"","background-image":"","background-repeat":"repeat","background-position":"center center","background-size":"auto","background-attachment":"scroll","background-type":"","background-media":"","overlay-type":"","overlay-color":"","overlay-opacity":"","overlay-gradient":""},"mobile":{"background-color":"","background-image":"","background-repeat":"repeat","background-position":"center center","background-size":"auto","background-attachment":"scroll","background-type":"","background-media":"","overlay-type":"","overlay-color":"","overlay-opacity":"","overlay-gradient":""}},"ast-content-background-meta":{"desktop":{"background-color":"var(--ast-global-color-5)","background-image":"","background-repeat":"repeat","background-position":"center center","background-size":"auto","background-attachment":"scroll","background-type":"","background-media":"","overlay-type":"","overlay-color":"","overlay-opacity":"","overlay-gradient":""},"tablet":{"background-color":"var(--ast-global-color-5)","background-image":"","background-repeat":"repeat","background-position":"center center","background-size":"auto","background-attachment":"scroll","background-type":"","background-media":"","overlay-type":"","overlay-color":"","overlay-opacity":"","overlay-gradient":""},"mobile":{"background-color":"var(--ast-global-color-5)","background-image":"","background-repeat":"repeat","background-position":"center center","background-size":"auto","background-attachment":"scroll","background-type":"","background-media":"","overlay-type":"","overlay-color":"","overlay-opacity":"","overlay-gradient":""}}},"product_brand":[],"product_cat":[87],"product_tag":[117,118,102,115],"class_list":{"0":"post-4781","1":"product","2":"type-product","3":"status-publish","4":"has-post-thumbnail","6":"product_cat-amino-acid-replenishment","7":"product_tag-100-pure-l-glutamine","8":"product_tag-sans-additifs","9":"product_tag-sans-gluten","10":"product_tag-sans-sucre","11":"desktop-align-left","12":"tablet-align-left","13":"mobile-align-left","14":"ast-product-gallery-layout-horizontal-slider","15":"ast-qv-on-image","17":"first","18":"instock","19":"featured","20":"shipping-taxable","21":"purchasable","22":"product-type-simple"},"_links":{"self":[{"href":"https:\/\/nutrend.tn\/en\/wp-json\/wp\/v2\/product\/4781","targetHints":{"allow":["GET"]}}],"collection":[{"href":"https:\/\/nutrend.tn\/en\/wp-json\/wp\/v2\/product"}],"about":[{"href":"https:\/\/nutrend.tn\/en\/wp-json\/wp\/v2\/types\/product"}],"replies":[{"embeddable":true,"href":"https:\/\/nutrend.tn\/en\/wp-json\/wp\/v2\/comments?post=4781"}],"version-history":[{"count":0,"href":"https:\/\/nutrend.tn\/en\/wp-json\/wp\/v2\/product\/4781\/revisions"}],"wp:featuredmedia":[{"embeddable":true,"href":"https:\/\/nutrend.tn\/en\/wp-json\/wp\/v2\/media\/6024"}],"wp:attachment":[{"href":"https:\/\/nutrend.tn\/en\/wp-json\/wp\/v2\/media?parent=4781"}],"wp:term":[{"taxonomy":"product_brand","embeddable":true,"href":"https:\/\/nutrend.tn\/en\/wp-json\/wp\/v2\/product_brand?post=4781"},{"taxonomy":"product_cat","embeddable":true,"href":"https:\/\/nutrend.tn\/en\/wp-json\/wp\/v2\/product_cat?post=4781"},{"taxonomy":"product_tag","embeddable":true,"href":"https:\/\/nutrend.tn\/en\/wp-json\/wp\/v2\/product_tag?post=4781"}],"curies":[{"name":"wp","href":"https:\/\/api.w.org\/{rel}","templated":true}]}}