{"id":4724,"date":"2025-08-17T09:02:55","date_gmt":"2025-08-17T09:02:55","guid":{"rendered":"https:\/\/nutrend.tn\/?post_type=product&#038;p=4724"},"modified":"2025-10-13T22:35:16","modified_gmt":"2025-10-13T22:35:16","slug":"citrulline-malate","status":"publish","type":"product","link":"https:\/\/nutrend.tn\/en\/product\/citrulline-malate\/","title":{"rendered":"Citrulline Malate"},"content":{"rendered":"<div class=\"content-box\">\n<div class=\"img-bg\"><img decoding=\"async\" class=\"alignleft\" src=\"https:\/\/nutrend.tn\/wp-content\/uploads\/2025\/08\/ACTIVE-LIFESTYLE.png\" alt=\"Citrulline Malate 2:1 \" \/><\/div>\n<div class=\"text-content\">\n<h2>Citrulline Malate 2:1<\/h2>\n<p class=\"sub-tle\">Endurance &amp; puissance musculaire<\/p>\n<p class=\"sub-tle\">Un ratio optimal pour am\u00e9liorer la production d\u2019oxyde nitrique (NO), favoriser la vasodilatation, et booster la performance \u00e0 l\u2019entra\u00eenement.<\/p>\n<\/div>\n<\/div>\n<div class=\"prd-container-01\">\n<div class=\"prd-text\">\n<h2>Effet \u201cPump\u201d intense<\/h2>\n<p class=\"sub-tle\">Congestion musculaire maximale<\/p>\n<p class=\"sub-tle\">Favorise une meilleure circulation sanguine et un apport optimal en nutriments aux muscles pendant l&rsquo;effort.<\/p>\n<\/div>\n<div class=\"img-bg\"><img decoding=\"async\" class=\"aligncenter\" src=\"https:\/\/nutrend.tn\/wp-content\/uploads\/2025\/09\/Prozero.webp\" alt=\"Effet \u201cPump\u201d intense \" \/><\/div>\n<\/div>\n<div class=\"content-box\">\n<div class=\"img-bg\"><img decoding=\"async\" class=\"alignleft\" src=\"https:\/\/nutrend.tn\/wp-content\/uploads\/2025\/08\/PRE-ENTRAINEMENT.png\" alt=\"Piment de Cayenne de la famille des piments\" \/><\/div>\n<div class=\"text-content\">\n<h2>R\u00e9duction de la fatigue<\/h2>\n<p class=\"sub-tle\">Am\u00e9lioration de la r\u00e9cup\u00e9ration<\/p>\n<p class=\"sub-tle\">Aide \u00e0 tamponner l\u2019acide lactique, prolonge l\u2019intensit\u00e9 de l\u2019entra\u00eenement, et acc\u00e9l\u00e8re la r\u00e9cup\u00e9ration post-effort.<\/p>\n<\/div>\n<\/div>\n<div class=\"prd-container-01\">\n<div class=\"prd-text\">\n<h2>Saveur Orange-Mangue<\/h2>\n<p class=\"sub-tle\">Fra\u00eecheur &amp; plaisir<\/p>\n<p class=\"sub-tle\">Un go\u00fbt fruit\u00e9, sans sucres ajout\u00e9s, pour une prise agr\u00e9able avant l\u2019entra\u00eenement, sans compromis sur l\u2019efficacit\u00e9.<\/p>\n<\/div>\n<div class=\"img-bg\"><img decoding=\"async\" class=\"aligncenter\" src=\"https:\/\/nutrend.tn\/wp-content\/uploads\/2025\/09\/Saveur-Orange-Mangue.webp\" alt=\"Saveur Orange-Mangue \" \/><\/div>\n<\/div>","protected":false},"excerpt":{"rendered":"<p>Functional NO pre-workout<br \/>\nMore pumped up musclesPour un entra\u00eenement optimal qui stimulera \u00e9galement l&rsquo;apport nutritionnel musculaire.<\/p>","protected":false},"featured_media":6010,"comment_status":"open","ping_status":"closed","template":"","meta":{"site-sidebar-layout":"default","site-content-layout":"","ast-site-content-layout":"default","site-content-style":"default","site-sidebar-style":"default","ast-global-header-display":"","ast-banner-title-visibility":"","ast-main-header-display":"","ast-hfb-above-header-display":"","ast-hfb-below-header-display":"","ast-hfb-mobile-header-display":"","site-post-title":"","ast-breadcrumbs-content":"","ast-featured-img":"","footer-sml-layout":"","ast-disable-related-posts":"","theme-transparent-header-meta":"default","adv-header-id-meta":"","stick-header-meta":"default","header-above-stick-meta":"","header-main-stick-meta":"","header-below-stick-meta":"","astra-migrate-meta-layouts":"set","ast-page-background-enabled":"default","ast-page-background-meta":{"desktop":{"background-color":"","background-image":"","background-repeat":"repeat","background-position":"center center","background-size":"auto","background-attachment":"scroll","background-type":"","background-media":"","overlay-type":"","overlay-color":"","overlay-opacity":"","overlay-gradient":""},"tablet":{"background-color":"","background-image":"","background-repeat":"repeat","background-position":"center center","background-size":"auto","background-attachment":"scroll","background-type":"","background-media":"","overlay-type":"","overlay-color":"","overlay-opacity":"","overlay-gradient":""},"mobile":{"background-color":"","background-image":"","background-repeat":"repeat","background-position":"center center","background-size":"auto","background-attachment":"scroll","background-type":"","background-media":"","overlay-type":"","overlay-color":"","overlay-opacity":"","overlay-gradient":""}},"ast-content-background-meta":{"desktop":{"background-color":"var(--ast-global-color-5)","background-image":"","background-repeat":"repeat","background-position":"center center","background-size":"auto","background-attachment":"scroll","background-type":"","background-media":"","overlay-type":"","overlay-color":"","overlay-opacity":"","overlay-gradient":""},"tablet":{"background-color":"var(--ast-global-color-5)","background-image":"","background-repeat":"repeat","background-position":"center center","background-size":"auto","background-attachment":"scroll","background-type":"","background-media":"","overlay-type":"","overlay-color":"","overlay-opacity":"","overlay-gradient":""},"mobile":{"background-color":"var(--ast-global-color-5)","background-image":"","background-repeat":"repeat","background-position":"center center","background-size":"auto","background-attachment":"scroll","background-type":"","background-media":"","overlay-type":"","overlay-color":"","overlay-opacity":"","overlay-gradient":""}}},"product_brand":[],"product_cat":[85],"product_tag":[110,112,111],"class_list":{"0":"post-4724","1":"product","2":"type-product","3":"status-publish","4":"has-post-thumbnail","6":"product_cat-functional-no-pre-workout","7":"product_tag-gluten-free","8":"product_tag-gout-excellent","9":"product_tag-sugar-free","10":"desktop-align-left","11":"tablet-align-left","12":"mobile-align-left","13":"ast-product-gallery-layout-horizontal-slider","14":"ast-qv-on-image","16":"first","17":"instock","18":"featured","19":"shipping-taxable","20":"purchasable","21":"product-type-simple"},"_links":{"self":[{"href":"https:\/\/nutrend.tn\/en\/wp-json\/wp\/v2\/product\/4724","targetHints":{"allow":["GET"]}}],"collection":[{"href":"https:\/\/nutrend.tn\/en\/wp-json\/wp\/v2\/product"}],"about":[{"href":"https:\/\/nutrend.tn\/en\/wp-json\/wp\/v2\/types\/product"}],"replies":[{"embeddable":true,"href":"https:\/\/nutrend.tn\/en\/wp-json\/wp\/v2\/comments?post=4724"}],"version-history":[{"count":0,"href":"https:\/\/nutrend.tn\/en\/wp-json\/wp\/v2\/product\/4724\/revisions"}],"wp:featuredmedia":[{"embeddable":true,"href":"https:\/\/nutrend.tn\/en\/wp-json\/wp\/v2\/media\/6010"}],"wp:attachment":[{"href":"https:\/\/nutrend.tn\/en\/wp-json\/wp\/v2\/media?parent=4724"}],"wp:term":[{"taxonomy":"product_brand","embeddable":true,"href":"https:\/\/nutrend.tn\/en\/wp-json\/wp\/v2\/product_brand?post=4724"},{"taxonomy":"product_cat","embeddable":true,"href":"https:\/\/nutrend.tn\/en\/wp-json\/wp\/v2\/product_cat?post=4724"},{"taxonomy":"product_tag","embeddable":true,"href":"https:\/\/nutrend.tn\/en\/wp-json\/wp\/v2\/product_tag?post=4724"}],"curies":[{"name":"wp","href":"https:\/\/api.w.org\/{rel}","templated":true}]}}